{"id":188003,"date":"2026-01-22T14:42:03","date_gmt":"2026-01-22T13:42:03","guid":{"rendered":"https:\/\/tvk.nl\/volvo\/?post_type=product&#038;p=188003"},"modified":"2026-01-30T16:38:03","modified_gmt":"2026-01-30T15:38:03","slug":"leerverzorging-doekje","status":"publish","type":"product","link":"https:\/\/tvk.nl\/volvo\/shop\/lifestyle\/leerverzorging-doekje\/","title":{"rendered":"Leerverzorging doekje"},"content":{"rendered":"<p style=\"margin-top: 0rem; margin-bottom: 1.2rem; caret-color: #707070; color: #707070; font-family: 'Volvo Novum';\">Leer vereist, net als alle andere gevoelige materialen, een regelmatige verzorging om zijn fraaie uitstraling te behouden. De leerverzorgingsproducten van Volvo zijn de enige door Volvo Cars aanbevolen producten voor verzorging en onderhoud van alle leren bekledingen van Volvo. Het pakket bevat een voorge\u00efmpregneerd doekje met reinigingsmiddel, een voorge\u00efmpregneerd doekje met verzachtende beschermcr\u00e8me en een zachte poetsdoek. Een set is voldoende voor de behandeling van twee voorstoelen of \u00e9\u00e9n achterbank.<\/p>\n<p style=\"margin-top: 0rem; margin-bottom: 1.2rem; caret-color: #707070; color: #707070; font-family: 'Volvo Novum';\">Het reinigingsmiddel reinigt de leren bekleding van de auto effectief, terwijl de beschermcr\u00e8me voor een effectieve bescherming tegen vlekken en vuil zorgt en toekomstig reinigen makkelijker maakt.<\/p>\n<p style=\"margin-top: 0rem; margin-bottom: 1.2rem; caret-color: #707070; color: #707070; font-family: 'Volvo Novum';\">Alle producten zijn op waterbasis en biologisch afbreekbaar. De producten bevatten geen schadelijke oplosmiddelen. Aanbevolen gebruik: 1-4 keer per jaar of vaker indien nodig. Complete gebruiksinstructies zijn te vinden in de betreffende verpakking.<\/p>\n","protected":false},"excerpt":{"rendered":"<p><span style=\"caret-color: #707070; color: #707070; font-family: 'Volvo Novum';\">Leer vereist, net als alle andere gevoelige materialen, een regelmatige verzorging om zijn fraaie uitstraling te behouden.<\/span><\/p>\n","protected":false},"featured_media":188004,"comment_status":"closed","ping_status":"closed","template":"","meta":{"_acf_changed":false,"inline_featured_image":false},"product_brand":[],"product_cat":[15,47],"product_tag":[],"class_list":{"0":"post-188003","1":"product","2":"type-product","3":"status-publish","4":"has-post-thumbnail","6":"product_cat-lifestyle","7":"product_cat-volvo","9":"first","10":"instock","11":"taxable","12":"shipping-taxable","13":"purchasable","14":"product-type-simple"},"acf":[],"yoast_head":"<!-- This site is optimized with the Yoast SEO Premium plugin v27.2 (Yoast SEO v27.2) - https:\/\/yoast.com\/product\/yoast-seo-premium-wordpress\/ -->\n<title>Leerverzorging doekje - Volvo Ton van Kuyk<\/title>\n<meta name=\"description\" content=\"Leer vereist, net als alle andere gevoelige materialen, een regelmatige verzorging om zijn fraaie uitstraling te behouden.\" \/>\n<meta name=\"robots\" content=\"index, follow, max-snippet:-1, max-image-preview:large, max-video-preview:-1\" \/>\n<link rel=\"canonical\" href=\"https:\/\/tvk.nl\/volvo\/shop\/lifestyle\/leerverzorging-doekje\/\" \/>\n<meta property=\"og:locale\" content=\"nl_NL\" \/>\n<meta property=\"og:type\" content=\"article\" \/>\n<meta property=\"og:title\" content=\"Leerverzorging doekje\" \/>\n<meta property=\"og:description\" content=\"Leer vereist, net als alle andere gevoelige materialen, een regelmatige verzorging om zijn fraaie uitstraling te behouden.\" \/>\n<meta property=\"og:url\" content=\"https:\/\/tvk.nl\/volvo\/shop\/lifestyle\/leerverzorging-doekje\/\" \/>\n<meta property=\"og:site_name\" content=\"Volvo Ton van Kuyk\" \/>\n<meta property=\"article:modified_time\" content=\"2026-01-30T15:38:03+00:00\" \/>\n<meta property=\"og:image\" content=\"https:\/\/tvk.nl\/app\/uploads\/sites\/2\/2026\/01\/leerverzorging_-_vochtig_doekje.jpg\" \/>\n\t<meta property=\"og:image:width\" content=\"480\" \/>\n\t<meta property=\"og:image:height\" content=\"400\" \/>\n\t<meta property=\"og:image:type\" content=\"image\/jpeg\" \/>\n<meta name=\"twitter:card\" content=\"summary_large_image\" \/>\n<meta name=\"twitter:label1\" content=\"Geschatte leestijd\" \/>\n\t<meta name=\"twitter:data1\" content=\"1 minuut\" \/>\n<script type=\"application\/ld+json\" class=\"yoast-schema-graph\">{\"@context\":\"https:\/\/schema.org\",\"@graph\":[{\"@type\":\"WebPage\",\"@id\":\"https:\/\/tvk.nl\/volvo\/shop\/lifestyle\/leerverzorging-doekje\/\",\"url\":\"https:\/\/tvk.nl\/volvo\/shop\/lifestyle\/leerverzorging-doekje\/\",\"name\":\"Leerverzorging doekje - Volvo Ton van Kuyk\",\"isPartOf\":{\"@id\":\"https:\/\/tvk.nl\/volvo\/#website\"},\"primaryImageOfPage\":{\"@id\":\"https:\/\/tvk.nl\/volvo\/shop\/lifestyle\/leerverzorging-doekje\/#primaryimage\"},\"image\":{\"@id\":\"https:\/\/tvk.nl\/volvo\/shop\/lifestyle\/leerverzorging-doekje\/#primaryimage\"},\"thumbnailUrl\":\"https:\/\/tvk.nl\/app\/uploads\/sites\/2\/2026\/01\/leerverzorging_-_vochtig_doekje.jpg\",\"datePublished\":\"2026-01-22T13:42:03+00:00\",\"dateModified\":\"2026-01-30T15:38:03+00:00\",\"description\":\"Leer vereist, net als alle andere gevoelige materialen, een regelmatige verzorging om zijn fraaie uitstraling te behouden.\",\"breadcrumb\":{\"@id\":\"https:\/\/tvk.nl\/volvo\/shop\/lifestyle\/leerverzorging-doekje\/#breadcrumb\"},\"inLanguage\":\"nl-NL\",\"potentialAction\":[{\"@type\":\"ReadAction\",\"target\":[\"https:\/\/tvk.nl\/volvo\/shop\/lifestyle\/leerverzorging-doekje\/\"]}]},{\"@type\":\"ImageObject\",\"inLanguage\":\"nl-NL\",\"@id\":\"https:\/\/tvk.nl\/volvo\/shop\/lifestyle\/leerverzorging-doekje\/#primaryimage\",\"url\":\"https:\/\/tvk.nl\/app\/uploads\/sites\/2\/2026\/01\/leerverzorging_-_vochtig_doekje.jpg\",\"contentUrl\":\"https:\/\/tvk.nl\/app\/uploads\/sites\/2\/2026\/01\/leerverzorging_-_vochtig_doekje.jpg\",\"width\":480,\"height\":400,\"caption\":\"leerverzorging\"},{\"@type\":\"BreadcrumbList\",\"@id\":\"https:\/\/tvk.nl\/volvo\/shop\/lifestyle\/leerverzorging-doekje\/#breadcrumb\",\"itemListElement\":[{\"@type\":\"ListItem\",\"position\":1,\"name\":\"Home\",\"item\":\"https:\/\/tvk.nl\/volvo\/\"},{\"@type\":\"ListItem\",\"position\":2,\"name\":\"Shop\",\"item\":\"https:\/\/tvk.nl\/volvo\/shop\/\"},{\"@type\":\"ListItem\",\"position\":3,\"name\":\"Lifestyle\",\"item\":\"https:\/\/tvk.nl\/volvo\/shop\/categorie\/lifestyle\/\"},{\"@type\":\"ListItem\",\"position\":4,\"name\":\"Leerverzorging doekje\"}]},{\"@type\":\"WebSite\",\"@id\":\"https:\/\/tvk.nl\/volvo\/#website\",\"url\":\"https:\/\/tvk.nl\/volvo\/\",\"name\":\"Volvo Ton van Kuyk\",\"description\":\"Jouw Volvo-dealer die tekent voor kwaliteit\",\"potentialAction\":[{\"@type\":\"SearchAction\",\"target\":{\"@type\":\"EntryPoint\",\"urlTemplate\":\"https:\/\/tvk.nl\/volvo\/?s={search_term_string}\"},\"query-input\":{\"@type\":\"PropertyValueSpecification\",\"valueRequired\":true,\"valueName\":\"search_term_string\"}}],\"inLanguage\":\"nl-NL\"}]}<\/script>\n<!-- \/ Yoast SEO Premium plugin. -->","yoast_head_json":{"title":"Leerverzorging doekje - Volvo Ton van Kuyk","description":"Leer vereist, net als alle andere gevoelige materialen, een regelmatige verzorging om zijn fraaie uitstraling te behouden.","robots":{"index":"index","follow":"follow","max-snippet":"max-snippet:-1","max-image-preview":"max-image-preview:large","max-video-preview":"max-video-preview:-1"},"canonical":"https:\/\/tvk.nl\/volvo\/shop\/lifestyle\/leerverzorging-doekje\/","og_locale":"nl_NL","og_type":"article","og_title":"Leerverzorging doekje","og_description":"Leer vereist, net als alle andere gevoelige materialen, een regelmatige verzorging om zijn fraaie uitstraling te behouden.","og_url":"https:\/\/tvk.nl\/volvo\/shop\/lifestyle\/leerverzorging-doekje\/","og_site_name":"Volvo Ton van Kuyk","article_modified_time":"2026-01-30T15:38:03+00:00","og_image":[{"width":480,"height":400,"url":"https:\/\/tvk.nl\/app\/uploads\/sites\/2\/2026\/01\/leerverzorging_-_vochtig_doekje.jpg","type":"image\/jpeg"}],"twitter_card":"summary_large_image","twitter_misc":{"Geschatte leestijd":"1 minuut"},"schema":{"@context":"https:\/\/schema.org","@graph":[{"@type":"WebPage","@id":"https:\/\/tvk.nl\/volvo\/shop\/lifestyle\/leerverzorging-doekje\/","url":"https:\/\/tvk.nl\/volvo\/shop\/lifestyle\/leerverzorging-doekje\/","name":"Leerverzorging doekje - Volvo Ton van Kuyk","isPartOf":{"@id":"https:\/\/tvk.nl\/volvo\/#website"},"primaryImageOfPage":{"@id":"https:\/\/tvk.nl\/volvo\/shop\/lifestyle\/leerverzorging-doekje\/#primaryimage"},"image":{"@id":"https:\/\/tvk.nl\/volvo\/shop\/lifestyle\/leerverzorging-doekje\/#primaryimage"},"thumbnailUrl":"https:\/\/tvk.nl\/app\/uploads\/sites\/2\/2026\/01\/leerverzorging_-_vochtig_doekje.jpg","datePublished":"2026-01-22T13:42:03+00:00","dateModified":"2026-01-30T15:38:03+00:00","description":"Leer vereist, net als alle andere gevoelige materialen, een regelmatige verzorging om zijn fraaie uitstraling te behouden.","breadcrumb":{"@id":"https:\/\/tvk.nl\/volvo\/shop\/lifestyle\/leerverzorging-doekje\/#breadcrumb"},"inLanguage":"nl-NL","potentialAction":[{"@type":"ReadAction","target":["https:\/\/tvk.nl\/volvo\/shop\/lifestyle\/leerverzorging-doekje\/"]}]},{"@type":"ImageObject","inLanguage":"nl-NL","@id":"https:\/\/tvk.nl\/volvo\/shop\/lifestyle\/leerverzorging-doekje\/#primaryimage","url":"https:\/\/tvk.nl\/app\/uploads\/sites\/2\/2026\/01\/leerverzorging_-_vochtig_doekje.jpg","contentUrl":"https:\/\/tvk.nl\/app\/uploads\/sites\/2\/2026\/01\/leerverzorging_-_vochtig_doekje.jpg","width":480,"height":400,"caption":"leerverzorging"},{"@type":"BreadcrumbList","@id":"https:\/\/tvk.nl\/volvo\/shop\/lifestyle\/leerverzorging-doekje\/#breadcrumb","itemListElement":[{"@type":"ListItem","position":1,"name":"Home","item":"https:\/\/tvk.nl\/volvo\/"},{"@type":"ListItem","position":2,"name":"Shop","item":"https:\/\/tvk.nl\/volvo\/shop\/"},{"@type":"ListItem","position":3,"name":"Lifestyle","item":"https:\/\/tvk.nl\/volvo\/shop\/categorie\/lifestyle\/"},{"@type":"ListItem","position":4,"name":"Leerverzorging doekje"}]},{"@type":"WebSite","@id":"https:\/\/tvk.nl\/volvo\/#website","url":"https:\/\/tvk.nl\/volvo\/","name":"Volvo Ton van Kuyk","description":"Jouw Volvo-dealer die tekent voor kwaliteit","potentialAction":[{"@type":"SearchAction","target":{"@type":"EntryPoint","urlTemplate":"https:\/\/tvk.nl\/volvo\/?s={search_term_string}"},"query-input":{"@type":"PropertyValueSpecification","valueRequired":true,"valueName":"search_term_string"}}],"inLanguage":"nl-NL"}]}},"_links":{"self":[{"href":"https:\/\/tvk.nl\/volvo\/wp-json\/wp\/v2\/product\/188003","targetHints":{"allow":["GET"]}}],"collection":[{"href":"https:\/\/tvk.nl\/volvo\/wp-json\/wp\/v2\/product"}],"about":[{"href":"https:\/\/tvk.nl\/volvo\/wp-json\/wp\/v2\/types\/product"}],"replies":[{"embeddable":true,"href":"https:\/\/tvk.nl\/volvo\/wp-json\/wp\/v2\/comments?post=188003"}],"wp:featuredmedia":[{"embeddable":true,"href":"https:\/\/tvk.nl\/volvo\/wp-json\/wp\/v2\/media\/188004"}],"wp:attachment":[{"href":"https:\/\/tvk.nl\/volvo\/wp-json\/wp\/v2\/media?parent=188003"}],"wp:term":[{"taxonomy":"product_brand","embeddable":true,"href":"https:\/\/tvk.nl\/volvo\/wp-json\/wp\/v2\/product_brand?post=188003"},{"taxonomy":"product_cat","embeddable":true,"href":"https:\/\/tvk.nl\/volvo\/wp-json\/wp\/v2\/product_cat?post=188003"},{"taxonomy":"product_tag","embeddable":true,"href":"https:\/\/tvk.nl\/volvo\/wp-json\/wp\/v2\/product_tag?post=188003"}],"curies":[{"name":"wp","href":"https:\/\/api.w.org\/{rel}","templated":true}]}}